{"id":2694,"date":"2015-02-15T16:49:33","date_gmt":"2015-02-15T16:49:33","guid":{"rendered":"http:\/\/www.sortingthoughts.de\/v2\/de\/?page_id=2694"},"modified":"2017-06-18T10:43:13","modified_gmt":"2017-06-18T10:43:13","slug":"student-discount","status":"publish","type":"page","link":"https:\/\/www.sortingthoughts.de\/blog\/de\/student-discount\/","title":{"rendered":"25% Bildungsrabatt"},"content":{"rendered":"<div id=\"post-1858\" class=\"post\">\n<div class=\"entry\">\n<p><img loading=\"lazy\" decoding=\"async\" class=\"alignright size-full wp-image-1861\" title=\"Student Discount\" src=\"https:\/\/www.sortingthoughts.de\/blog\/wp-content\/uploads\/2012\/06\/1338749085_school.png\" alt=\"\" width=\"256\" height=\"256\" \/><\/p>\n<p>Sorting Thoughts ist eine Notiz und Selbst- management Software. Sie ist insbesondere sehr n\u00fctzlich f\u00fcr Sch\u00fcler, Studenten und Lehrer. Mit Sorting Thoughts lassen sich z.B. Buchnotizen verwalten oder auch das Wissen f\u00fcr die n\u00e4chste Studienarbeit managen.<\/p>\n<p>Folge den n\u00e4chsten Abschnitten, um mehr \u00fcber den 25% Bildungsrabatt f\u00fcr Sorting Thoughts (Windows oder Mac OS X) zu erfahren:<\/p>\n<h2>Wer bekommt den Bildungsrabatt?<\/h2>\n<p>Sch\u00fcler, Studenten oder Mitarbeiter einer Bildungseinrichtung, wie einer Schule, Volkshochschule oder Universit\u00e4t haben Anspruch auf den\u00a0<b>25%<\/b>\u00a0Bildungsrabatt f\u00fcr die Desktop Version von Sorting Thoughts. Der Rabatt ist weltweit g\u00fcltig.<\/p>\n<h2>Wie bekomme ich den Rabatt?<\/h2>\n<p>Um den Rabatt gew\u00e4hrt zubekommen, muss man einen Nachweis erbringen, der belegt, dass man an einer Bildungseinrichtung lernt oder lehrt. Sende mir dazu eine Email mit einem Nachweis an:<\/p>\n<p><b>hend<a title=\"Reveal this e-mail address\" href=\"http:\/\/www.google.com\/recaptcha\/mailhide\/d?k=01y157FyTkMeIeUiqtlx93og==&amp;c=R77F4D2zuucC84RLh3iTULCWCpTJrO-Ci0WMdZhJac18OSfVkqmtqnFWBKw0FYYg\">\u2026\u2026<\/a>@sortingthoughts.com<\/b><br \/>\n(Bitte auf den Link klicken, um die volle Email-Adresse zusehen)<\/p>\n<p>Als Nachweis werden Kopien von folgenden Dokumenten akzeptiert:<\/p>\n<ul>\n<li>Sch\u00fcler- oder Studentenausweis<\/li>\n<li>aktuelle Zeugnisse<\/li>\n<li>Best\u00e4tigung der Schule oder Universit\u00e4t<\/li>\n<li>Beleg \u00fcber die letzten Studiengeb\u00fchren<\/li>\n<\/ul>\n<p>Nach erfolgreicher Pr\u00fcfung des Bildungsnachweises, werde ich einen Gutschein-Code verschicken (in 1 bis 5 Tagen). Dieser kann dann w\u00e4hrend des\u00a0<a href=\"https:\/\/www.sortingthoughts.de\/blog\/de\/buy-sorting-thoughts\/\">Bestellprozesses<\/a>\u00a0angegeben werden. Ein erfolgreich angewandter Gutschein-Code sieht dann folgenderma\u00dfen aus:<\/p>\n<p><img loading=\"lazy\" decoding=\"async\" class=\"aligncenter size-full wp-image-1919\" title=\"Rabatt\" src=\"https:\/\/www.sortingthoughts.de\/blog\/wp-content\/uploads\/2012\/06\/order-discount-de.png\" alt=\"\" width=\"500\" height=\"199\" \/><\/p>\n<h2>Bildungspreise<\/h2>\n<div>\n<table width=\"100%\">\n<tbody>\n<tr>\n<td width=\"50%\"><b>Produkt<\/b><\/td>\n<td width=\"25%\"><b>Regul\u00e4rer Preis<\/b><\/td>\n<td width=\"25%\"><b>Bildungspreis<\/b><\/td>\n<\/tr>\n<tr>\n<td colspan=\"3\"><\/td>\n<\/tr>\n<tr>\n<td>Sorting Thoughts Single Lizenz<br \/>\n(Windows oder Mac OS X)<\/td>\n<td><s>34,95 EUR<\/s><\/td>\n<td>26,21 EUR<\/td>\n<\/tr>\n<tr>\n<td colspan=\"3\"><\/td>\n<\/tr>\n<tr>\n<td>Sorting Thoughts Family Pack<br \/>\n(Windows oder Mac OS X)<\/td>\n<td><s>64,95 EUR<\/s><\/td>\n<td>48,71 EUR<\/td>\n<\/tr>\n<\/tbody>\n<\/table>\n<\/div>\n<p><i>Alle Preise sind in EUR und inkl. 19% MwSt. Ich habe das Recht dieses Angebot jederzeit wieder zur\u00fcckzuziehen und ich kann ung\u00fcltige Bildungsnachweise ablehnen. Der zugesandte Bildungsnachweis wird nicht permanent bei mir gespeichert und auch nicht an Dritte weitergegeben.<\/i><\/p>\n<\/div>\n<\/div>\n","protected":false},"excerpt":{"rendered":"<p>Sorting Thoughts ist eine Notiz und Selbst- management Software. Sie ist insbesondere sehr n\u00fctzlich f\u00fcr Sch\u00fcler, Studenten und Lehrer. Mit Sorting Thoughts lassen sich z.B. Buchnotizen verwalten oder auch das Wissen f\u00fcr die n\u00e4chste Studienarbeit managen. Folge den n\u00e4chsten Abschnitten, um mehr \u00fcber den 25% Bildungsrabatt f\u00fcr Sorting Thoughts (Windows oder Mac OS X) zu [&hellip;]<\/p>\n","protected":false},"author":1,"featured_media":0,"parent":0,"menu_order":0,"comment_status":"closed","ping_status":"closed","template":"","meta":{"_et_pb_use_builder":"","_et_pb_old_content":"","_et_gb_content_width":"","footnotes":""},"_links":{"self":[{"href":"https:\/\/www.sortingthoughts.de\/blog\/de\/wp-json\/wp\/v2\/pages\/2694"}],"collection":[{"href":"https:\/\/www.sortingthoughts.de\/blog\/de\/wp-json\/wp\/v2\/pages"}],"about":[{"href":"https:\/\/www.sortingthoughts.de\/blog\/de\/wp-json\/wp\/v2\/types\/page"}],"author":[{"embeddable":true,"href":"https:\/\/www.sortingthoughts.de\/blog\/de\/wp-json\/wp\/v2\/users\/1"}],"replies":[{"embeddable":true,"href":"https:\/\/www.sortingthoughts.de\/blog\/de\/wp-json\/wp\/v2\/comments?post=2694"}],"version-history":[{"count":3,"href":"https:\/\/www.sortingthoughts.de\/blog\/de\/wp-json\/wp\/v2\/pages\/2694\/revisions"}],"predecessor-version":[{"id":2896,"href":"https:\/\/www.sortingthoughts.de\/blog\/de\/wp-json\/wp\/v2\/pages\/2694\/revisions\/2896"}],"wp:attachment":[{"href":"https:\/\/www.sortingthoughts.de\/blog\/de\/wp-json\/wp\/v2\/media?parent=2694"}],"curies":[{"name":"wp","href":"https:\/\/api.w.org\/{rel}","templated":true}]}}