{"id":2757,"date":"2015-02-16T17:40:36","date_gmt":"2015-02-16T17:40:36","guid":{"rendered":"http:\/\/www.sortingthoughts.de\/blog\/de\/?page_id=2757"},"modified":"2017-06-18T10:47:52","modified_gmt":"2017-06-18T10:47:52","slug":"sorting-thoughts-for-ios","status":"publish","type":"page","link":"https:\/\/www.sortingthoughts.de\/blog\/de\/sorting-thoughts-for-ios\/","title":{"rendered":"Sorting Thoughts f\u00fcr iOS"},"content":{"rendered":"<p>[et_pb_section bb_built=&#8220;1&#8243; admin_label=&#8220;section&#8220;][et_pb_row admin_label=&#8220;row&#8220; background_position=&#8220;top_left&#8220; background_repeat=&#8220;repeat&#8220; background_size=&#8220;initial&#8220;][et_pb_column type=&#8220;4_4&#8243;][et_pb_text admin_label=&#8220;Text&#8220; background_layout=&#8220;light&#8220; text_orientation=&#8220;left&#8220; background_position=&#8220;top_left&#8220; background_repeat=&#8220;repeat&#8220; background_size=&#8220;initial&#8220; _builder_version=&#8220;3.0.51&#8243; border_style=&#8220;solid&#8220;]<\/p>\n<h2>Sorting Thoughts f\u00fcr iOS<\/h2>\n<p>Dies ist eine App f\u00fcr jemanden, der denkt, Gedanken sammelt und Wert auf vertrauliche Notizen legt.<br \/>\nSorting Thoughts ist eine App zur Unterst\u00fctzung des pers\u00f6nlichen Wissens- und Selbstmanagements. Sie wurde entworfen, um deine Gedanken, wie z.B. Ideen, Aufgaben, Ereignisse, Projekte und alles andere was dir durch den Kopf geht, zu verwalten.<\/p>\n<p>Der Fokus von Sorting Thoughts liegt dabei auf Einfachheit und Privatsph\u00e4re und soll so ein vertrauensw\u00fcrdiges Werkzeug zur Verf\u00fcgung stellen. Dar\u00fcber hinaus erm\u00f6glicht der Sync Service von Sorting Thoughts ein ger\u00e4te\u00fcbergreifendes Arbeiten auf mehreren iOS Ger\u00e4ten.<\/p>\n<p><a href=\"https:\/\/itunes.apple.com\/de\/app\/sorting-thoughts\/id932094917\"><img decoding=\"async\" class=\"size-full wp-image-2362 alignright\" title=\"ST-teaser\" src=\"https:\/\/www.sortingthoughts.de\/blog\/wp-content\/uploads\/2014\/12\/ST-teaser.png\" alt=\"\" height=\"250\" \/><\/a><\/p>\n<p>Privatsph\u00e4re ist ein hohe Gut und gerade, wenn es um Notizen aus dem t\u00e4glichen Leben geht, unerl\u00e4sslich. Sorting Thoughts verwendet deshalb ausdr\u00fccklich keinen Cloud-basierten Speicher. Alle eingegebenen Daten bleiben auf dem Ger\u00e4te. Der optionale Sync Service verwendete neben der verschl\u00fcsselten Komunikation mit dem Server eine Ende-zu-Ende Verschl\u00fcsselung, so dass nur der Ger\u00e4teinhaber mit dem privaten Schl\u00fcssel in der Lage ist, die Daten zu entschl\u00fcsseln. Au\u00dferdem werden keine pers\u00f6nlichen Daten f\u00fcr den Service ben\u00f6tigt und die Synchronisationsdaten werden nicht permanent gespeichert und unmittelbar nach dem Sync gel\u00f6scht.<br \/>\nDie Sicherstellung von Privatsph\u00e4re ist mir als Entwickler von Sorting Thoughts ein besonderes Anliegen, da ich meine eigenen Notizen jeden Tag \u201cSorting Thoughts\u201d anvertraue.<\/p>\n<p><b>Sicherheitsfunktionen im \u00dcberblick:<\/b><\/p>\n<ul>\n<li>keine Cloud-basierte Speicherung<\/li>\n<li>Benutzung von Apple Data Protection<\/li>\n<li>Passwortschutz (erh\u00e4ltlich ab Min Pack)<\/li>\n<li>der optionale Sync Service benutzt eine volle Ende-zu-Ende Verschl\u00fcsselung mit standardisierten Technologien wie RSA, AES und SSL\/TLS<\/li>\n<\/ul>\n<p>Sorting Thoughts enth\u00e4lt mehrere Funktionspakete, die unter anderem als In-App Kauf erh\u00e4ltlich sind:<\/p>\n<p><b>1. Kostenlose Version<\/b><br \/>\n(0,00 EUR)<\/p>\n<p>Mit der kostenlosen Version k\u00f6nnen einfache Gedanken in einer einzelnen Gedankensammlung verwaltet werden. Dieses Paket beinhaltet nur die Basisfunktionalit\u00e4t von Sorting Thoughts und ist ideal zum Testen der App.<\/p>\n<p><b>2. Min Pack<\/b><br \/>\n(0,99 EUR)<\/p>\n<p>Dieses Paket beinhaltet die Passwortschutz- und Farbmarkier-Funktion. Das Min Pack ist ideal f\u00fcr Anwender, die einfache Notizen verwalten m\u00f6chten aber dabei Wert auf einen Passwortschutz legen.<\/p>\n<p><b>3. Max Pack<\/b><br \/>\n(7,99 EUR)<\/p>\n<p>Dieses Paket beinhaltet alle Funktionen von Sorting Thoughts bis auf den Sync Service. Es ist ideal f\u00fcr Anwender, die eine leistungsstarke und flexible Notiz-App nutzen m\u00f6chten.<\/p>\n<p>Funktionsliste:<\/p>\n<ul>\n<li>Farbmarker \u2013 markiere Gedanken mit Farben im Gedankenbaum<\/li>\n<li>Passwortschutz \u2013 versehe Gedanken-Sammlungen mit einem Passwortschutz<\/li>\n<li>Mehrere Gedanken-Sammlungen \u2013 erstelle weitere Gedanken-Sammlungen, um Arbeits- und Private Notizen von einander zu trennen<\/li>\n<li>Projekte, Aufgaben und Ereignisse \u2013 verwalte Projekte, Aufgaben und Ereignisse und sehe welche Aufgaben als n\u00e4chstes erledigt werden m\u00fcssen<\/li>\n<li>Anh\u00e4nge \u2013 h\u00e4nge Fotos an deine Gedanken<\/li>\n<li>Stichw\u00f6rter \u2013 benutze Sichw\u00f6rter, um Gedanken schneller zu finden<\/li>\n<li>Sub-Gedanken \u2013 erstelle Gedankenb\u00e4ume f\u00fcr eine bessere Struktur<\/li>\n<li>Gedanken-Versionen \u2013 behalte Ver\u00e4nderungen von Gedanken und ziehe deine Gedanken nach<\/li>\n<\/ul>\n<p><b>4. Max Pack + Sync Service<\/b><br \/>\n(ein Monat 1,99 EUR \/ ein Jahr 14,99 EUR)<\/p>\n<p>Mit einem Monats- oder Jahres-Abo erhalten Sie alle Funktionen des Max Packs sowie den Sync Service. Der Sync Service erm\u00f6glicht das Synchronisieren von Gedanken zwischen iOS Ger\u00e4ten und der zuk\u00fcnftigen Desktop Version von Sorting Thoughts 2.0. So bleiben die Gedanken-Sammlungen auf allen Ger\u00e4ten synchron und erm\u00f6glichen ein ger\u00e4te\u00fcbergreifendes Arbeiten.<br \/>\nDer Service wurde nach dem \u2018Privatsph\u00e4re zuerst\u2019 Prinzip entwickelt, d.h. es werden keine pers\u00f6nlichen Daten f\u00fcr den Service ben\u00f6tigt und der Austausch erfolgt komplett Ende-zu-Ende verschl\u00fcsselt. Au\u00dferdem ist nur der Ger\u00e4teinhaber in der Lage, die empfangenen Daten zu entschl\u00fcsseln, da nur er im Besitz des privaten Schl\u00fcssels ist. Die synchronisierten Daten werden zudem nach dem erfolgreichen Sync oder falls das Empf\u00e4ngerger\u00e4t die Sync-Daten nach 30 Tagen nicht abgeholt hat vom Server gel\u00f6scht.<br \/>\nServer-Standort ist Deutschland und europ\u00e4ische sowie deutsche Datenschutzrichtlinien werden von dem Service voll erf\u00fcllt.<\/p>\n<p>Sorting Thoughts ben\u00f6tigt iOS 8 und wird von allen iOS 8 f\u00e4higen Ger\u00e4ten unterst\u00fctzt. Es ist in Deutsch und Englisch erh\u00e4ltlich.<\/p>\n<p><a title=\"Download\" href=\"https:\/\/itunes.apple.com\/de\/app\/sorting-thoughts\/id932094917\"><img loading=\"lazy\" decoding=\"async\" class=\"aligncenter size-full wp-image-2348\" title=\"Download Sorting Thoughts im App Store\" src=\"https:\/\/www.sortingthoughts.de\/blog\/wp-content\/uploads\/2014\/12\/Download_on_the_App_Store_Badge_DE_Source_135x40.png\" alt=\"\" width=\"135\" height=\"40\" \/><\/a><\/p>\n<p>[\/et_pb_text][\/et_pb_column][\/et_pb_row][\/et_pb_section]<\/p>\n","protected":false},"excerpt":{"rendered":"<p>Sorting Thoughts f\u00fcr iOS Dies ist eine App f\u00fcr jemanden, der denkt, Gedanken sammelt und Wert auf vertrauliche Notizen legt. Sorting Thoughts ist eine App zur Unterst\u00fctzung des pers\u00f6nlichen Wissens- und Selbstmanagements. Sie wurde entworfen, um deine Gedanken, wie z.B. Ideen, Aufgaben, Ereignisse, Projekte und alles andere was dir durch den Kopf geht, zu verwalten. [&hellip;]<\/p>\n","protected":false},"author":1,"featured_media":0,"parent":0,"menu_order":0,"comment_status":"closed","ping_status":"closed","template":"","meta":{"_et_pb_use_builder":"on","_et_pb_old_content":"","_et_gb_content_width":"","footnotes":""},"_links":{"self":[{"href":"https:\/\/www.sortingthoughts.de\/blog\/de\/wp-json\/wp\/v2\/pages\/2757"}],"collection":[{"href":"https:\/\/www.sortingthoughts.de\/blog\/de\/wp-json\/wp\/v2\/pages"}],"about":[{"href":"https:\/\/www.sortingthoughts.de\/blog\/de\/wp-json\/wp\/v2\/types\/page"}],"author":[{"embeddable":true,"href":"https:\/\/www.sortingthoughts.de\/blog\/de\/wp-json\/wp\/v2\/users\/1"}],"replies":[{"embeddable":true,"href":"https:\/\/www.sortingthoughts.de\/blog\/de\/wp-json\/wp\/v2\/comments?post=2757"}],"version-history":[{"count":5,"href":"https:\/\/www.sortingthoughts.de\/blog\/de\/wp-json\/wp\/v2\/pages\/2757\/revisions"}],"predecessor-version":[{"id":2899,"href":"https:\/\/www.sortingthoughts.de\/blog\/de\/wp-json\/wp\/v2\/pages\/2757\/revisions\/2899"}],"wp:attachment":[{"href":"https:\/\/www.sortingthoughts.de\/blog\/de\/wp-json\/wp\/v2\/media?parent=2757"}],"curies":[{"name":"wp","href":"https:\/\/api.w.org\/{rel}","templated":true}]}}