{"id":42,"date":"2015-01-20T17:20:42","date_gmt":"2015-01-20T17:20:42","guid":{"rendered":"http:\/\/sortingthoughts.de\/v2\/de\/?page_id=42"},"modified":"2019-10-02T17:26:35","modified_gmt":"2019-10-02T17:26:35","slug":"test-sorting-thoughts","status":"publish","type":"page","link":"https:\/\/www.sortingthoughts.de\/blog\/de\/test-sorting-thoughts\/","title":{"rendered":"Testen"},"content":{"rendered":"<p>[et_pb_section fb_built=&#8220;1&#8243; admin_label=&#8220;section&#8220; _builder_version=&#8220;3.22&#8243; bb_built=&#8220;1&#8243; _i=&#8220;0&#8243; _address=&#8220;0&#8243;][et_pb_row admin_label=&#8220;row&#8220; _builder_version=&#8220;3.25&#8243; background_size=&#8220;initial&#8220; background_position=&#8220;top_left&#8220; background_repeat=&#8220;repeat&#8220; _i=&#8220;0&#8243; _address=&#8220;0.0&#8243; column_structure=&#8220;1_4,3_4&#8243;][et_pb_column type=&#8220;1_4&#8243; _builder_version=&#8220;3.25&#8243; custom_padding=&#8220;|||&#8220; _i=&#8220;0&#8243; _address=&#8220;0.0.0&#8243; custom_padding__hover=&#8220;|||&#8220;][et_pb_blurb use_icon=&#8220;on&#8220; font_icon=&#8220;%%235%%&#8220; admin_label=&#8220;Informationstext&#8220; _builder_version=&#8220;3.0.87&#8243; border_style=&#8220;solid&#8220; _i=&#8220;0&#8243; _address=&#8220;0.0.0.0&#8243;][\/et_pb_blurb][\/et_pb_column][et_pb_column type=&#8220;3_4&#8243; _builder_version=&#8220;3.25&#8243; custom_padding=&#8220;|||&#8220; _i=&#8220;1&#8243; _address=&#8220;0.0.1&#8243; custom_padding__hover=&#8220;|||&#8220;][et_pb_accordion open_toggle_text_color=&#8220;#000000&#8243; closed_toggle_text_color=&#8220;#ffffff&#8220; closed_toggle_background_color=&#8220;#0c71c3&#8243; icon_color=&#8220;#ffffff&#8220; admin_label=&#8220;Akkordeon&#8220; _builder_version=&#8220;3.29.3&#8243; hover_enabled=&#8220;0&#8243; border_style=&#8220;solid&#8220; _i=&#8220;0&#8243; _address=&#8220;0.0.1.0&#8243;][et_pb_accordion_item title=&#8220;Teste Sorting Thoughts vor dem Kauf&#8220; _builder_version=&#8220;3.0.47&#8243; _i=&#8220;0&#8243; _address=&#8220;0.0.1.0.0&#8243; open=&#8220;on&#8220;] Die Desktop Version von Sorting Thoughts (Windows und macOS) kann vor dem Kauf f\u00fcr 30 Tage kostenlos getestet werden. Die Test-Version enth\u00e4lt alle Funktionen bis auf den Sync Service. [\/et_pb_accordion_item][et_pb_accordion_item title=&#8220;Bekomme den 30 Tage Test-Code&#8220; _builder_version=&#8220;3.29.3&#8243; hover_enabled=&#8220;0&#8243; _i=&#8220;1&#8243; _address=&#8220;0.0.1.0.1&#8243; open=&#8220;off&#8220;]<\/p>\n<p style=\"text-align: center;\">Hier ist der 30 Tage Test-Code f\u00fcr die Desktop Version von Sorting Thoughts:<\/p>\n<h3 style=\"text-align: center;\">ST-CE598-B4C15-4B494-E0DB0-V.1S<\/h3>\n<p style=\"text-align: center;\">Bitte geben Sie diesen Code im &#8222;Hilfe &gt; Sorting Thoughts kaufen&#8220; Dialog ein. Der Code ist 30 Tage g\u00fcltig.<\/p>\n<p style=\"text-align: center;\"><a href=\"https:\/\/sortingthoughts.github.io\/st-dokumentation\/schnelleinstieg.html\" target=\"blank\" rel=\"noopener noreferrer\">Schnelleinstieg<\/a> \u2013 <a href=\"https:\/\/sortingthoughts.github.io\/st-dokumentation\/fragen_und_antworten.html\" target=\"blank\" rel=\"noopener noreferrer\">FAQ<\/a> \u2013 <a href=\"https:\/\/sortingthoughts.github.io\/st-dokumentation\/versionsvergleich.html\" target=\"blank\" rel=\"noopener noreferrer\">Versionsvergleich<\/a><\/p>\n<p>[\/et_pb_accordion_item][\/et_pb_accordion][\/et_pb_column][\/et_pb_row][et_pb_row admin_label=&#8220;Zeile&#8220; _builder_version=&#8220;3.25&#8243; background_size=&#8220;initial&#8220; background_position=&#8220;top_left&#8220; background_repeat=&#8220;repeat&#8220; _i=&#8220;1&#8243; _address=&#8220;0.1&#8243;][et_pb_column type=&#8220;4_4&#8243; _builder_version=&#8220;3.25&#8243; custom_padding=&#8220;|||&#8220; _i=&#8220;0&#8243; _address=&#8220;0.1.0&#8243; custom_padding__hover=&#8220;|||&#8220;][et_pb_divider show_divider=&#8220;off&#8220; disabled_on=&#8220;on|on|off&#8220; admin_label=&#8220;Teiler&#8220; _builder_version=&#8220;3.23.4&#8243; height=&#8220;150px&#8220; hide_on_mobile=&#8220;on&#8220; _i=&#8220;0&#8243; _address=&#8220;0.1.0.0&#8243;][\/et_pb_divider][\/et_pb_column][\/et_pb_row][\/et_pb_section]<\/p>\n","protected":false},"excerpt":{"rendered":"<p>Die Desktop Version von Sorting Thoughts (Windows und macOS) kann vor dem Kauf f\u00fcr 30 Tage kostenlos getestet werden. Die Test-Version enth\u00e4lt alle Funktionen bis auf den Sync Service. Hier ist der 30 Tage Test-Code f\u00fcr die Desktop Version von Sorting Thoughts: ST-CE598-B4C15-4B494-E0DB0-V.1S Bitte geben Sie diesen Code im &#8222;Hilfe &gt; Sorting Thoughts kaufen&#8220; Dialog [&hellip;]<\/p>\n","protected":false},"author":1,"featured_media":0,"parent":0,"menu_order":40,"comment_status":"closed","ping_status":"open","template":"","meta":{"_et_pb_use_builder":"on","_et_pb_old_content":"","_et_gb_content_width":"","footnotes":""},"_links":{"self":[{"href":"https:\/\/www.sortingthoughts.de\/blog\/de\/wp-json\/wp\/v2\/pages\/42"}],"collection":[{"href":"https:\/\/www.sortingthoughts.de\/blog\/de\/wp-json\/wp\/v2\/pages"}],"about":[{"href":"https:\/\/www.sortingthoughts.de\/blog\/de\/wp-json\/wp\/v2\/types\/page"}],"author":[{"embeddable":true,"href":"https:\/\/www.sortingthoughts.de\/blog\/de\/wp-json\/wp\/v2\/users\/1"}],"replies":[{"embeddable":true,"href":"https:\/\/www.sortingthoughts.de\/blog\/de\/wp-json\/wp\/v2\/comments?post=42"}],"version-history":[{"count":16,"href":"https:\/\/www.sortingthoughts.de\/blog\/de\/wp-json\/wp\/v2\/pages\/42\/revisions"}],"predecessor-version":[{"id":2973,"href":"https:\/\/www.sortingthoughts.de\/blog\/de\/wp-json\/wp\/v2\/pages\/42\/revisions\/2973"}],"wp:attachment":[{"href":"https:\/\/www.sortingthoughts.de\/blog\/de\/wp-json\/wp\/v2\/media?parent=42"}],"curies":[{"name":"wp","href":"https:\/\/api.w.org\/{rel}","templated":true}]}}