{"id":44,"date":"2015-01-20T17:20:56","date_gmt":"2015-01-20T17:20:56","guid":{"rendered":"http:\/\/sortingthoughts.de\/v2\/de\/?page_id=44"},"modified":"2023-05-28T07:09:46","modified_gmt":"2023-05-28T07:09:46","slug":"buy-sorting-thoughts","status":"publish","type":"page","link":"https:\/\/www.sortingthoughts.de\/blog\/de\/buy-sorting-thoughts\/","title":{"rendered":"Kaufen"},"content":{"rendered":"<p>[et_pb_section fb_built=&#8220;1&#8243; admin_label=&#8220;section&#8220; _builder_version=&#8220;4.16&#8243; global_colors_info=&#8220;{}&#8220;][et_pb_row admin_label=&#8220;row&#8220; _builder_version=&#8220;4.16&#8243; background_size=&#8220;initial&#8220; background_position=&#8220;top_left&#8220; background_repeat=&#8220;repeat&#8220; global_colors_info=&#8220;{}&#8220;][et_pb_column type=&#8220;4_4&#8243; _builder_version=&#8220;4.16&#8243; custom_padding=&#8220;|||&#8220; global_colors_info=&#8220;{}&#8220; custom_padding__hover=&#8220;|||&#8220;][et_pb_pricing_tables admin_label=&#8220;Pricing Table&#8220; _builder_version=&#8220;4.16&#8243; custom_button=&#8220;on&#8220; button_text_color=&#8220;#4898ce&#8220; button_bg_color=&#8220;rgba(0,0,0,0)&#8220; button_border_color=&#8220;#0c71c3&#8243; remove_featured_drop_shadow=&#8220;off&#8220; border_style=&#8220;solid&#8220; button_letter_spacing_hover=&#8220;0&#8243; center_list_items=&#8220;off&#8220; global_colors_info=&#8220;{}&#8220; button_text_size__hover_enabled=&#8220;off&#8220; button_one_text_size__hover_enabled=&#8220;off&#8220; button_two_text_size__hover_enabled=&#8220;off&#8220; button_text_color__hover_enabled=&#8220;off&#8220; button_one_text_color__hover_enabled=&#8220;off&#8220; button_two_text_color__hover_enabled=&#8220;off&#8220; button_border_width__hover_enabled=&#8220;off&#8220; button_one_border_width__hover_enabled=&#8220;off&#8220; button_two_border_width__hover_enabled=&#8220;off&#8220; button_border_color__hover_enabled=&#8220;off&#8220; button_one_border_color__hover_enabled=&#8220;off&#8220; button_two_border_color__hover_enabled=&#8220;off&#8220; button_border_radius__hover_enabled=&#8220;off&#8220; button_one_border_radius__hover_enabled=&#8220;off&#8220; button_two_border_radius__hover_enabled=&#8220;off&#8220; button_letter_spacing__hover_enabled=&#8220;on&#8220; button_letter_spacing__hover=&#8220;0&#8243; button_one_letter_spacing__hover_enabled=&#8220;off&#8220; button_two_letter_spacing__hover_enabled=&#8220;off&#8220; button_bg_color__hover_enabled=&#8220;off&#8220; button_one_bg_color__hover_enabled=&#8220;off&#8220; button_two_bg_color__hover_enabled=&#8220;off&#8220;][et_pb_pricing_table title=&#8220;Sync Service&#8220; currency=&#8220;\u20ac&#8220; per=&#8220;Monat&#8220; sum=&#8220;1,99&#8243; button_url=&#8220;http:\/\/sites.fastspring.com\/sortingthoughts\/product\/syncservice&#8220; button_text=&#8220;Abonnieren&#8220; _builder_version=&#8220;4.16&#8243; header_font=&#8220;||||&#8220; body_font=&#8220;||||&#8220; subheader_font=&#8220;||||&#8220; price_font=&#8220;||||&#8220; currency_frequency_font=&#8220;||||&#8220; button_icon_placement=&#8220;right&#8220; button_on_hover=&#8220;on&#8220; global_colors_info=&#8220;{}&#8220; button_text_size__hover_enabled=&#8220;off&#8220; button_one_text_size__hover_enabled=&#8220;off&#8220; button_two_text_size__hover_enabled=&#8220;off&#8220; button_text_color__hover_enabled=&#8220;off&#8220; button_one_text_color__hover_enabled=&#8220;off&#8220; button_two_text_color__hover_enabled=&#8220;off&#8220; button_border_width__hover_enabled=&#8220;off&#8220; button_one_border_width__hover_enabled=&#8220;off&#8220; button_two_border_width__hover_enabled=&#8220;off&#8220; button_border_color__hover_enabled=&#8220;off&#8220; button_one_border_color__hover_enabled=&#8220;off&#8220; button_two_border_color__hover_enabled=&#8220;off&#8220; button_border_radius__hover_enabled=&#8220;off&#8220; button_one_border_radius__hover_enabled=&#8220;off&#8220; button_two_border_radius__hover_enabled=&#8220;off&#8220; button_letter_spacing__hover_enabled=&#8220;off&#8220; button_one_letter_spacing__hover_enabled=&#8220;off&#8220; button_two_letter_spacing__hover_enabled=&#8220;off&#8220; button_bg_color__hover_enabled=&#8220;off&#8220; button_one_bg_color__hover_enabled=&#8220;off&#8220; button_two_bg_color__hover_enabled=&#8220;off&#8220; sticky_transition=&#8220;on&#8220;]<\/p>\n<p>+Mit dem <a href=\"https:\/\/sortingthoughts.github.io\/st-dokumentation\/sync_service.html\" target=\"_blank\" rel=\"noopener noreferrer\">Sync Service<\/a> k\u00f6nnen Gedanken zwischen all deinen ST Installationen synchronisiert werden.<\/p>\n<p>+Volle Ende-zu-Ende Verschl\u00fcsselung, Keine pers\u00f6nlichen Daten<\/p>\n<p>+inkl. ST iOS Version<\/p>\n<p>+Kein Backup, nur f\u00fcr sync, Sync-Data werden nach Sync oder 30 Tagen gel\u00f6scht<\/p>\n<p>+Ein Monat 1,99 \u20ac<\/p>\n<p>+Ein Jahr 14,99 \u20ac<\/p>\n<p>+Abonnement wird nicht automatisch verl\u00e4ngert<\/p>\n<p>[\/et_pb_pricing_table][et_pb_pricing_table featured=&#8220;on&#8220; title=&#8220;Single Lizenz&#8220; subtitle=&#8220;Empfehlung &#8220; currency=&#8220;\u20ac&#8220; sum=&#8220;34,95&#8243; button_url=&#8220;https:\/\/sites.fastspring.com\/sortingthoughts\/product\/sortingthoughts?coupon=10-YEARS-ST&#8220; button_text=&#8220;Kaufen&#8220; _builder_version=&#8220;4.16&#8243; header_font=&#8220;||||&#8220; body_font=&#8220;||||&#8220; subheader_font=&#8220;||||&#8220; price_font=&#8220;||||&#8220; currency_frequency_font=&#8220;||||&#8220; button_icon_placement=&#8220;right&#8220; button_on_hover=&#8220;on&#8220; global_colors_info=&#8220;{}&#8220; button_text_size__hover_enabled=&#8220;off&#8220; button_one_text_size__hover_enabled=&#8220;off&#8220; button_two_text_size__hover_enabled=&#8220;off&#8220; button_text_color__hover_enabled=&#8220;off&#8220; button_one_text_color__hover_enabled=&#8220;off&#8220; button_two_text_color__hover_enabled=&#8220;off&#8220; button_border_width__hover_enabled=&#8220;off&#8220; button_one_border_width__hover_enabled=&#8220;off&#8220; button_two_border_width__hover_enabled=&#8220;off&#8220; button_border_color__hover_enabled=&#8220;off&#8220; button_one_border_color__hover_enabled=&#8220;off&#8220; button_two_border_color__hover_enabled=&#8220;off&#8220; button_border_radius__hover_enabled=&#8220;off&#8220; button_one_border_radius__hover_enabled=&#8220;off&#8220; button_two_border_radius__hover_enabled=&#8220;off&#8220; button_letter_spacing__hover_enabled=&#8220;off&#8220; button_one_letter_spacing__hover_enabled=&#8220;off&#8220; button_two_letter_spacing__hover_enabled=&#8220;off&#8220; button_bg_color__hover_enabled=&#8220;off&#8220; button_one_bg_color__hover_enabled=&#8220;off&#8220; button_two_bg_color__hover_enabled=&#8220;off&#8220; sticky_transition=&#8220;on&#8220;]+Lifetime Lizenz Single&nbsp;Version (Windows \/ Mac) 1 Benutzer auf mehreren Rechnern.<\/p>\n<p>+Verwalte Standard-Notizen<\/p>\n<p>+Mehrere Gedanken-Sammlungen<\/p>\n<p>+Verwalte Aufgaben, Projekte u. Ereignisse<\/p>\n<p>+Gantt&nbsp;Diagramm<\/p>\n<p>+Dateianh\u00e4nge<\/p>\n<p>+Automatisches Backup<\/p>\n<p>+Import \/ Export<\/p>\n<p>+&nbsp;siehe auch&nbsp;<a href=\"http:\/\/www.sorting-thoughts.de\/wiki\/display\/docGerman\/Versionsvergleich\" target=\"_blank\" rel=\"noopener noreferrer\">Versionvergleich<\/a><br \/>\n[\/et_pb_pricing_table][et_pb_pricing_table title=&#8220;Familien Lizenz&#8220; currency=&#8220;\u20ac&#8220; sum=&#8220;64,95&#8243; button_url=&#8220;https:\/\/sites.fastspring.com\/sortingthoughts\/product\/sortingthoughtsfamilylicense?coupon=10-YEARS-ST-FAMILY&#8220; button_text=&#8220;Kaufen&#8220; _builder_version=&#8220;4.16&#8243; header_font=&#8220;||||&#8220; body_font=&#8220;||||&#8220; subheader_font=&#8220;||||&#8220; price_font=&#8220;||||&#8220; currency_frequency_font=&#8220;||||&#8220; button_icon_placement=&#8220;right&#8220; button_on_hover=&#8220;on&#8220; global_colors_info=&#8220;{}&#8220; button_text_size__hover_enabled=&#8220;off&#8220; button_one_text_size__hover_enabled=&#8220;off&#8220; button_two_text_size__hover_enabled=&#8220;off&#8220; button_text_color__hover_enabled=&#8220;off&#8220; button_one_text_color__hover_enabled=&#8220;off&#8220; button_two_text_color__hover_enabled=&#8220;off&#8220; button_border_width__hover_enabled=&#8220;off&#8220; button_one_border_width__hover_enabled=&#8220;off&#8220; button_two_border_width__hover_enabled=&#8220;off&#8220; button_border_color__hover_enabled=&#8220;off&#8220; button_one_border_color__hover_enabled=&#8220;off&#8220; button_two_border_color__hover_enabled=&#8220;off&#8220; button_border_radius__hover_enabled=&#8220;off&#8220; button_one_border_radius__hover_enabled=&#8220;off&#8220; button_two_border_radius__hover_enabled=&#8220;off&#8220; button_letter_spacing__hover_enabled=&#8220;off&#8220; button_one_letter_spacing__hover_enabled=&#8220;off&#8220; button_two_letter_spacing__hover_enabled=&#8220;off&#8220; button_bg_color__hover_enabled=&#8220;off&#8220; button_one_bg_color__hover_enabled=&#8220;off&#8220; button_two_bg_color__hover_enabled=&#8220;off&#8220; sticky_transition=&#8220;on&#8220;]<\/p>\n<p>+Lifetime Lizenz Familien Version (Windows \/ Mac) f\u00fcr 5 Personen im selben Haushalt.<\/p>\n<p>+Verwalte Standard-Notizen<\/p>\n<p>+Mehrere Gedanken-Sammlungen<\/p>\n<p>+Verwalte Aufgaben, Projekte u. Ereignisse<\/p>\n<p>+Gantt\u00a0Diagramm<\/p>\n<p>+Dateianh\u00e4nge<\/p>\n<p>+Automatisches Backup<\/p>\n<p>+Import \/ Export<\/p>\n<p>+\u00a0siehe auch\u00a0<a href=\"http:\/\/www.sorting-thoughts.de\/wiki\/display\/docGerman\/Versionsvergleich\" target=\"_blank\" rel=\"noopener noreferrer\">Versionvergleich<\/a><\/p>\n<p>[\/et_pb_pricing_table][et_pb_pricing_table title=&#8220;iOS Version&#8220; currency=&#8220;\u20ac&#8220; sum=&#8220;0,00&#8243; button_url=&#8220;https:\/\/itunes.apple.com\/de\/app\/sorting-thoughts\/id932094917&#8243; button_text=&#8220;\u00d6ffne App Store&#8220; _builder_version=&#8220;4.16&#8243; header_font=&#8220;||||&#8220; body_font=&#8220;||||&#8220; subheader_font=&#8220;||||&#8220; price_font=&#8220;||||&#8220; currency_frequency_font=&#8220;||||&#8220; button_icon_placement=&#8220;right&#8220; button_on_hover=&#8220;on&#8220; global_colors_info=&#8220;{}&#8220; button_text_size__hover_enabled=&#8220;off&#8220; button_one_text_size__hover_enabled=&#8220;off&#8220; button_two_text_size__hover_enabled=&#8220;off&#8220; button_text_color__hover_enabled=&#8220;off&#8220; button_one_text_color__hover_enabled=&#8220;off&#8220; button_two_text_color__hover_enabled=&#8220;off&#8220; button_border_width__hover_enabled=&#8220;off&#8220; button_one_border_width__hover_enabled=&#8220;off&#8220; button_two_border_width__hover_enabled=&#8220;off&#8220; button_border_color__hover_enabled=&#8220;off&#8220; button_one_border_color__hover_enabled=&#8220;off&#8220; button_two_border_color__hover_enabled=&#8220;off&#8220; button_border_radius__hover_enabled=&#8220;off&#8220; button_one_border_radius__hover_enabled=&#8220;off&#8220; button_two_border_radius__hover_enabled=&#8220;off&#8220; button_letter_spacing__hover_enabled=&#8220;off&#8220; button_one_letter_spacing__hover_enabled=&#8220;off&#8220; button_two_letter_spacing__hover_enabled=&#8220;off&#8220; button_bg_color__hover_enabled=&#8220;off&#8220; button_one_bg_color__hover_enabled=&#8220;off&#8220; button_two_bg_color__hover_enabled=&#8220;off&#8220; sticky_transition=&#8220;on&#8220;]<\/p>\n<p>+Sorting Thoughts f\u00fcr\u00a0iOS ist kostenlos, aber verf\u00fcgt \u00fcber folgende Zusatzfunktionen, die per\u00a0In-App Kauf erworben werden k\u00f6nnen:<\/p>\n<p>+Min Pack (0,99\u00a0\u20ac)<\/p>\n<p>+Max Pack (7,99\u00a0\u20ac)<\/p>\n<p>+Max Pack + Sync Service Abo (ein Monat: 1,99\u20ac \/ ein Jahr 14,99\u20ac)<\/p>\n<p>+Alle Sync Service Abonnenten k\u00f6nnen alle Funktionen der iOS Version mit nutzen<\/p>\n<p>[\/et_pb_pricing_table][\/et_pb_pricing_tables][\/et_pb_column][\/et_pb_row][et_pb_row column_structure=&#8220;1_2,1_2&#8243; admin_label=&#8220;row&#8220; _builder_version=&#8220;4.16&#8243; background_size=&#8220;initial&#8220; background_position=&#8220;top_left&#8220; background_repeat=&#8220;repeat&#8220; global_colors_info=&#8220;{}&#8220;][et_pb_column type=&#8220;1_2&#8243; _builder_version=&#8220;4.16&#8243; custom_padding=&#8220;|||&#8220; global_colors_info=&#8220;{}&#8220; custom_padding__hover=&#8220;|||&#8220;][et_pb_blurb title=&#8220;Vor dem Kauf 30 Tage testen&#8220; url=&#8220;https:\/\/www.sortingthoughts.de\/blog\/de\/test-sorting-thoughts\/&#8220; use_icon=&#8220;on&#8220; font_icon=&#8220;&#xe031;||divi||400&#8243; icon_color=&#8220;#4a9bd3&#8243; admin_label=&#8220;Blurb&#8220; _builder_version=&#8220;4.16&#8243; background_size=&#8220;initial&#8220; background_position=&#8220;top_left&#8220; background_repeat=&#8220;repeat&#8220; text_orientation=&#8220;center&#8220; animation=&#8220;off&#8220; border_style=&#8220;solid&#8220; global_colors_info=&#8220;{}&#8220;][\/et_pb_blurb][\/et_pb_column][et_pb_column type=&#8220;1_2&#8243; _builder_version=&#8220;4.16&#8243; custom_padding=&#8220;|||&#8220; global_colors_info=&#8220;{}&#8220; custom_padding__hover=&#8220;|||&#8220;][et_pb_blurb title=&#8220;25% Rabatt&#8220; use_icon=&#8220;on&#8220; font_icon=&#8220;&#xe60e;||divi||400&#8243; icon_color=&#8220;#4a9bd3&#8243; admin_label=&#8220;Blurb&#8220; _builder_version=&#8220;4.16&#8243; background_size=&#8220;initial&#8220; background_position=&#8220;top_left&#8220; background_repeat=&#8220;repeat&#8220; text_orientation=&#8220;center&#8220; animation_style=&#8220;bounce&#8220; animation=&#8220;off&#8220; border_style=&#8220;solid&#8220; global_colors_info=&#8220;{}&#8220;]<\/p>\n<p>Feier 10 Jahre ST mit 25% Rabatt auf die Single und Familien Version.<br \/> Benutze einfach diesen Coupon Code:<br \/> <strong>10-YEARS-ST \u00a0\u00a0<\/strong><span>or<\/span><strong>\u00a0 \u00a010-YEARS-ST-FAMILY<\/strong><\/p>\n<p>[\/et_pb_blurb][\/et_pb_column][\/et_pb_row][et_pb_row admin_label=&#8220;row&#8220; _builder_version=&#8220;4.16&#8243; background_size=&#8220;initial&#8220; background_position=&#8220;top_left&#8220; background_repeat=&#8220;repeat&#8220; global_colors_info=&#8220;{}&#8220;][et_pb_column type=&#8220;4_4&#8243; _builder_version=&#8220;4.16&#8243; custom_padding=&#8220;|||&#8220; global_colors_info=&#8220;{}&#8220; custom_padding__hover=&#8220;|||&#8220;][et_pb_divider color=&#8220;#1871bf&#8220; disabled_on=&#8220;on|on|off&#8220; admin_label=&#8220;Divider&#8220; _builder_version=&#8220;4.16&#8243; global_colors_info=&#8220;{}&#8220;][\/et_pb_divider][\/et_pb_column][\/et_pb_row][et_pb_row admin_label=&#8220;row&#8220; _builder_version=&#8220;4.16&#8243; background_size=&#8220;initial&#8220; background_position=&#8220;top_left&#8220; background_repeat=&#8220;repeat&#8220; global_colors_info=&#8220;{}&#8220;][et_pb_column type=&#8220;4_4&#8243; _builder_version=&#8220;4.16&#8243; custom_padding=&#8220;|||&#8220; global_colors_info=&#8220;{}&#8220; custom_padding__hover=&#8220;|||&#8220;][et_pb_text admin_label=&#8220;Text&#8220; _builder_version=&#8220;4.16&#8243; background_size=&#8220;initial&#8220; background_position=&#8220;top_left&#8220; background_repeat=&#8220;repeat&#8220; text_orientation=&#8220;center&#8220; module_alignment=&#8220;center&#8220; border_style=&#8220;solid&#8220; global_colors_info=&#8220;{}&#8220;]Die EURO Preise sind inkl. Mehrwertsteuer. Mit dem Kauf akzeptieren Sie die&nbsp;<a href=\"https:\/\/www.sortingthoughts.de\/blog\/de\/agb\/\">Allgemeinen Gesch\u00e4ftsbedingungen<\/a>&nbsp;und&nbsp;<a href=\"https:\/\/www.sortingthoughts.de\/blog\/de\/license\/\">Software Lizenz<\/a>&nbsp;von Sorting Thoughts. Die Kaufabwicklung und die \u00dcbersendung des Registrierungscodes wird durch den Reseller&nbsp;<a href=\"http:\/\/www.fastspring.com\/\">FastSpring<\/a>&nbsp;durchgef\u00fchrt.<br \/>\n[\/et_pb_text][\/et_pb_column][\/et_pb_row][\/et_pb_section]<\/p>\n","protected":false},"excerpt":{"rendered":"<p>+Mit dem Sync Service k\u00f6nnen Gedanken zwischen all deinen ST Installationen synchronisiert werden. +Volle Ende-zu-Ende Verschl\u00fcsselung, Keine pers\u00f6nlichen Daten +inkl. ST iOS Version +Kein Backup, nur f\u00fcr sync, Sync-Data werden nach Sync oder 30 Tagen gel\u00f6scht +Ein Monat 1,99 \u20ac +Ein Jahr 14,99 \u20ac +Abonnement wird nicht automatisch verl\u00e4ngert+Lifetime Lizenz Single&nbsp;Version (Windows \/ Mac) 1 [&hellip;]<\/p>\n","protected":false},"author":1,"featured_media":0,"parent":0,"menu_order":50,"comment_status":"closed","ping_status":"open","template":"","meta":{"_et_pb_use_builder":"on","_et_pb_old_content":"","_et_gb_content_width":"","footnotes":""},"_links":{"self":[{"href":"https:\/\/www.sortingthoughts.de\/blog\/de\/wp-json\/wp\/v2\/pages\/44"}],"collection":[{"href":"https:\/\/www.sortingthoughts.de\/blog\/de\/wp-json\/wp\/v2\/pages"}],"about":[{"href":"https:\/\/www.sortingthoughts.de\/blog\/de\/wp-json\/wp\/v2\/types\/page"}],"author":[{"embeddable":true,"href":"https:\/\/www.sortingthoughts.de\/blog\/de\/wp-json\/wp\/v2\/users\/1"}],"replies":[{"embeddable":true,"href":"https:\/\/www.sortingthoughts.de\/blog\/de\/wp-json\/wp\/v2\/comments?post=44"}],"version-history":[{"count":20,"href":"https:\/\/www.sortingthoughts.de\/blog\/de\/wp-json\/wp\/v2\/pages\/44\/revisions"}],"predecessor-version":[{"id":3092,"href":"https:\/\/www.sortingthoughts.de\/blog\/de\/wp-json\/wp\/v2\/pages\/44\/revisions\/3092"}],"wp:attachment":[{"href":"https:\/\/www.sortingthoughts.de\/blog\/de\/wp-json\/wp\/v2\/media?parent=44"}],"curies":[{"name":"wp","href":"https:\/\/api.w.org\/{rel}","templated":true}]}}