{"id":52,"date":"2015-01-20T17:23:47","date_gmt":"2015-01-20T17:23:47","guid":{"rendered":"http:\/\/sortingthoughts.de\/v2\/de\/?page_id=52"},"modified":"2023-05-19T17:06:58","modified_gmt":"2023-05-19T17:06:58","slug":"datenschutz","status":"publish","type":"page","link":"https:\/\/www.sortingthoughts.de\/blog\/de\/datenschutz\/","title":{"rendered":"Datenschutz"},"content":{"rendered":"<p>Sorting Thoughts (betrieben von Hendrik Ebel) nimmt den Schutz Ihrer pers\u00f6nlichen Daten sehr ernst und h\u00e4lt sich strikt an die Regeln der Datenschutzgesetze. Personenbezogene Daten werden nur im technisch notwendigen Umfang erhoben. In keinem Fall werden die erhobenen Daten verkauft oder aus anderen Gr\u00fcnden an Dritte weitergegeben, es sei denn gesetzliche Grundlagen zwingen mich dazu.<\/p>\n<p>Die nachfolgende Erkl\u00e4rung gibt Ihnen einen \u00dcberblick dar\u00fcber, wie ich diesen Schutz gew\u00e4hrleiste und welche Art von Daten zu welchem Zweck erhoben werden.<\/p>\n<h2>Desktop und Mobile Apps<\/h2>\n<p>In Sorting Thoughts f\u00fcr PC, Mac, iOS, Android und webOS ist keine Benutzerverfolgungssoftware \/ Nutzungsanalysesoftware integriert und es wird keine Werbung angezeigt. S\u00e4mtliche Daten, die in Sorting Thoughts eingeben werden, verbleiben auf dem jeweiligen Ger\u00e4t und k\u00f6nnen mit dem Sync Service zwischen den Ger\u00e4ten eines Benutzers ausgetauscht werden.<\/p>\n<h2>Sorting Thoughts Sync Service<\/h2>\n<p>F\u00fcr die Nutzung des Sync Service werden keine pers\u00f6nlichen Daten ben\u00f6tigt. Der erforderliche Benutzername kann frei gew\u00e4hlt werden, soweit dieser noch nicht verwendet wird. F\u00fcr die Identifizierung der jeweiligen Ger\u00e4te kann ein freier Ger\u00e4tename vergeben werden. Die Sync Daten werden nach dem Sync oder sp\u00e4testens 30 Tage sp\u00e4ter automatisch gel\u00f6scht. Die Sync Daten werden per SSL \u00fcbertragen und nur in verschl\u00fcsselter Form gespeichert. Der private Schl\u00fcssel zur Entschl\u00fcsselung verbleibt immer auf dem Empf\u00e4ngerger\u00e4te, um eine volle Ende-zu-Ende Verschl\u00fcsselung zu erm\u00f6glichen. Die Veschl\u00fcsselung erfolgt dabei mit standartisierten Verfahren wie RSA und AES. Ein Zugangskonto auf dem Sync Server kann jeder Zeit vom Benutzer vollst\u00e4ndig gel\u00f6scht werden. Der Server-Standort ist Deutschland. Die Abrechung f\u00fcr die Nutzung des Sync Service erfolgt \u00fcber den jeweiligen App Store und unterliegt anderen Datenschutzbestimmungen.<\/p>\n<h2>Support<\/h2>\n<p>Der Support f\u00fcr Sorting Thoughts erfolgt per Email, demzufolge muss der Benutzer daf\u00fcr seine Email-Adresse angeben. Die Adresse wird nur f\u00fcr den Supportkontakt ben\u00f6tigt und nicht an Dritte weitergeben.<\/p>\n<h2>Datenverarbeitung auf dieser Internetseite<\/h2>\n<p>Die Webseite von Sorting Thoughts erhebt und speichert automatisch in ihren Server Log Files Informationen, die Ihr Browser \u00fcbermittelt. Dies sind:<\/p>\n<ul>\n<li>Browsertyp\/ -version<\/li>\n<li>verwendetes Betriebssystem<\/li>\n<li>Referrer URL (die zuvor besuchte Seite)<\/li>\n<li>Hostname des zugreifenden Rechners<\/li>\n<li>Uhrzeit der Serveranfrage.<\/li>\n<\/ul>\n<p>Diese Daten sind nicht bestimmten Personen zuordenbar. Eine Zusammenf\u00fchrung dieser Daten mit anderen Datenquellen wird nicht vorgenommen, die Daten werden zudem nach einer statistischen Auswertung gel\u00f6scht. Es werden diesbez\u00fcglich auch keine Analyse Programme, wie z.B. Google Analytics eingesetzt, um dies auch wirklich sicherzustellen.<\/p>\n<h2>Cookies<\/h2>\n<p>Die Internetseiten verwenden an mehreren Stellen so genannte Cookies. Sie dienen dazu, unser Angebot nutzerfreundlicher, effektiver und sicherer zu machen. Cookies sind kleine Textdateien, die auf Ihrem Rechner abgelegt werden und die Ihr Browser speichert. Die meisten der von uns verwendeten Cookies sind so genannte \u201eSession-Cookies\u201c. Sie werden nach Ende Ihres Besuchs automatisch gel\u00f6scht. Cookies richten auf Ihrem Rechner keinen Schaden an und enthalten keine Viren.<\/p>\n<h2>Newsletter<\/h2>\n<p>Wenn Sie den auf der Webseite angebotenen Newsletter empfangen m\u00f6chten, ben\u00f6tigen wir von Ihnen eine valide Email-Adresse sowie Informationen, die uns die \u00dcberpr\u00fcfung gestatten, dass Sie der Inhaber der angegebenen Email-Adresse sind bzw. deren Inhaber mit dem Empfang des Newsletters einverstanden ist. Weitere Daten werden nicht erhoben.<br \/>\nIhre Einwilligung zur Speicherung der Daten, der Email-Adresse sowie deren Nutzung zum Versand des Newsletters k\u00f6nnen Sie jederzeit widerrufen.<\/p>\n<h2>Kaufabwicklung \u00fcber FastSpring<\/h2>\n<p>Der Kauf von Sorting Thoughts Lizenzen (Desktop Version) wird komplett \u00fcber FastSpring (Bright Market, LLC) abgewickelt, dementsprechend gelten f\u00fcr den Kauf die&nbsp;<a href=\"http:\/\/www.fastspring.com\/privacy.php\">FastSpring Datenschutzbestimmungen<\/a>.<\/p>\n<h2>Kaufabwicklung \u00fcber Apple App Store<\/h2>\n<p>Der Kauf von Sorting Thoughts f\u00fcr iOS wird komplett \u00fcber den Apple App Store abgewickelt, dementsprechend gelten f\u00fcr den Kauf die Apple App Store Datenschutzbestimmungen.<\/p>\n<h2>Kaufabwicklung \u00fcber Google Play Store<\/h2>\n<p>Der Kauf von Sorting Thoughts f\u00fcr Android wird komplett \u00fcber den Google Play Store abgewickelt, dementsprechend gelten f\u00fcr den Kauf die Google Play Store Datenschutzbestimmungen.<\/p>\n<h2>Auskunftsrecht<\/h2>\n<p>Sie haben jederzeit das Recht auf Auskunft \u00fcber die bez\u00fcglich Ihrer Person gespeicherten Daten, deren Herkunft und Empf\u00e4nger sowie den Zweck der Speicherung. Auskunft \u00fcber die gespeicherten Daten gibt der Datenschutzbeauftragte:<br \/>\n<img loading=\"lazy\" decoding=\"async\" class=\"alignnone size-full wp-image-1624\" title=\"imp\" src=\"https:\/\/www.sortingthoughts.de\/blog\/wp-content\/uploads\/2009\/11\/imp.gif\" alt=\"\" width=\"258\" height=\"151\"><\/p>\n<h2>Weitere Informationen<\/h2>\n<p>Ihr Vertrauen ist mir sehr wichtig. Daher m\u00f6chte ich Ihnen jederzeit Rede und Antwort bez\u00fcglich der Verarbeitung Ihrer personenbezogenen Daten stehen. Wenn Sie Fragen haben, die Ihnen diese Datenschutzerkl\u00e4rung nicht beantworten konnte oder wenn Sie zu einem Punkt vertiefte Informationen w\u00fcnschen, wenden Sie sich bitte jederzeit an den Datenschutzbeauftragten:<br \/>\n<img loading=\"lazy\" decoding=\"async\" class=\"alignnone size-full wp-image-1624\" title=\"imp\" src=\"https:\/\/www.sortingthoughts.de\/blog\/wp-content\/uploads\/2009\/11\/imp.gif\" alt=\"\" width=\"258\" height=\"151\"><\/p>\n","protected":false},"excerpt":{"rendered":"<p>Sorting Thoughts (betrieben von Hendrik Ebel) nimmt den Schutz Ihrer pers\u00f6nlichen Daten sehr ernst und h\u00e4lt sich strikt an die Regeln der Datenschutzgesetze. Personenbezogene Daten werden nur im technisch notwendigen Umfang erhoben. In keinem Fall werden die erhobenen Daten verkauft oder aus anderen Gr\u00fcnden an Dritte weitergegeben, es sei denn gesetzliche Grundlagen zwingen mich dazu. [&hellip;]<\/p>\n","protected":false},"author":1,"featured_media":0,"parent":0,"menu_order":20,"comment_status":"closed","ping_status":"open","template":"","meta":{"_et_pb_use_builder":"off","_et_pb_old_content":"Sorting Thoughts (betrieben von Hendrik Ebel) nimmt den Schutz Ihrer pers\u00f6nlichen Daten sehr ernst und h\u00e4lt sich strikt an die Regeln der Datenschutzgesetze. Personenbezogene Daten werden nur im technisch notwendigen Umfang erhoben. In keinem Fall werden die erhobenen Daten verkauft oder aus anderen Gr\u00fcnden an Dritte weitergegeben, es sei denn gesetzliche Grundlagen zwingen mich dazu.\n\nDie nachfolgende Erkl\u00e4rung gibt Ihnen einen \u00dcberblick dar\u00fcber, wie ich diesen Schutz gew\u00e4hrleiste und welche Art von Daten zu welchem Zweck erhoben werden.\n<h2>Desktop und Mobile Apps<\/h2>\nIn Sorting Thoughts f\u00fcr PC, Mac, iOS, Android und webOS ist keine Benutzerverfolgungssoftware \/ Nutzungsanalysesoftware integriert und es wird keine Werbung angezeigt. S\u00e4mtliche Daten, die in Sorting Thoughts eingeben werden, verbleiben auf dem jeweiligen Ger\u00e4t und k\u00f6nnen mit dem Sync Service zwischen den Ger\u00e4ten eines Benutzers ausgetauscht werden.\n<h2>Sorting Thoughts Sync Service<\/h2>\nF\u00fcr die Nutzung des Sync Service werden keine pers\u00f6nlichen Daten ben\u00f6tigt. Der erforderliche Benutzername kann frei gew\u00e4hlt werden, soweit dieser noch nicht verwendet wird. F\u00fcr die Identifizierung der jeweiligen Ger\u00e4te kann ein freier Ger\u00e4tename vergeben werden. Die Sync Daten werden nach dem Sync oder sp\u00e4testens 30 Tage sp\u00e4ter automatisch gel\u00f6scht. Die Sync Daten werden per SSL \u00fcbertragen und nur in verschl\u00fcsselter Form gespeichert. Der private Schl\u00fcssel zur Entschl\u00fcsselung verbleibt immer auf dem Empf\u00e4ngerger\u00e4te, um eine volle Ende-zu-Ende Verschl\u00fcsselung zu erm\u00f6glichen. Die Veschl\u00fcsselung erfolgt dabei mit standartisierten Verfahren wie RSA und AES. Ein Zugangskonto auf dem Sync Server kann jeder Zeit vom Benutzer vollst\u00e4ndig gel\u00f6scht werden. Der Server-Standort ist Deutschland. Die Abrechung f\u00fcr die Nutzung des Sync Service erfolgt \u00fcber den jeweiligen App Store und unterliegt anderen Datenschutzbestimmungen.\n<h2>Support<\/h2>\nDer Support f\u00fcr Sorting Thoughts erfolgt per Email, demzufolge muss der Benutzer daf\u00fcr seine Email-Adresse angeben. Die Adresse wird nur f\u00fcr den Supportkontakt ben\u00f6tigt und nicht an Dritte weitergeben.\n<h2>Datenverarbeitung auf dieser Internetseite<\/h2>\nDie Webseite von Sorting Thoughts erhebt und speichert automatisch in ihren Server Log Files Informationen, die Ihr Browser \u00fcbermittelt. Dies sind:\n<ul>\n \t<li>Browsertyp\/ -version<\/li>\n \t<li>verwendetes Betriebssystem<\/li>\n \t<li>Referrer URL (die zuvor besuchte Seite)<\/li>\n \t<li>Hostname des zugreifenden Rechners<\/li>\n \t<li>Uhrzeit der Serveranfrage.<\/li>\n<\/ul>\nDiese Daten sind nicht bestimmten Personen zuordenbar. Eine Zusammenf\u00fchrung dieser Daten mit anderen Datenquellen wird nicht vorgenommen, die Daten werden zudem nach einer statistischen Auswertung gel\u00f6scht. Es werden diesbez\u00fcglich auch keine Analyse Programme, wie z.B. Google Analytics eingesetzt, um dies auch wirklich sicherzustellen.\n<h2>Cookies<\/h2>\nDie Internetseiten verwenden an mehreren Stellen so genannte Cookies. Sie dienen dazu, unser Angebot nutzerfreundlicher, effektiver und sicherer zu machen. Cookies sind kleine Textdateien, die auf Ihrem Rechner abgelegt werden und die Ihr Browser speichert. Die meisten der von uns verwendeten Cookies sind so genannte \u201eSession-Cookies\u201c. Sie werden nach Ende Ihres Besuchs automatisch gel\u00f6scht. Cookies richten auf Ihrem Rechner keinen Schaden an und enthalten keine Viren.\n<h2>Newsletter<\/h2>\nWenn Sie den auf der Webseite angebotenen Newsletter empfangen m\u00f6chten, ben\u00f6tigen wir von Ihnen eine valide Email-Adresse sowie Informationen, die uns die \u00dcberpr\u00fcfung gestatten, dass Sie der Inhaber der angegebenen Email-Adresse sind bzw. deren Inhaber mit dem Empfang des Newsletters einverstanden ist. Weitere Daten werden nicht erhoben.\nIhre Einwilligung zur Speicherung der Daten, der Email-Adresse sowie deren Nutzung zum Versand des Newsletters k\u00f6nnen Sie jederzeit widerrufen.\n<h2>Kaufabwicklung \u00fcber FastSpring<\/h2>\nDer Kauf von Sorting Thoughts Lizenzen (Desktop Version) wird komplett \u00fcber FastSpring (Bright Market, LLC) abgewickelt, dementsprechend gelten f\u00fcr den Kauf die\u00a0<a href=\"http:\/\/www.fastspring.com\/privacy.php\">FastSpring Datenschutzbestimmungen<\/a>.\n<h2>Kaufabwicklung \u00fcber Apple App Store<\/h2>\nDer Kauf von Sorting Thoughts f\u00fcr iOS wird komplett \u00fcber den Apple App Store abgewickelt, dementsprechend gelten f\u00fcr den Kauf die Apple App Store Datenschutzbestimmungen.\n<h2>Kaufabwicklung \u00fcber Google Play Store<\/h2>\nDer Kauf von Sorting Thoughts f\u00fcr Android wird komplett \u00fcber den Google Play Store abgewickelt, dementsprechend gelten f\u00fcr den Kauf die Google Play Store Datenschutzbestimmungen.\n<h2>Auskunftsrecht<\/h2>\nSie haben jederzeit das Recht auf Auskunft \u00fcber die bez\u00fcglich Ihrer Person gespeicherten Daten, deren Herkunft und Empf\u00e4nger sowie den Zweck der Speicherung. Auskunft \u00fcber die gespeicherten Daten gibt der Datenschutzbeauftragte:\n<img class=\"alignnone size-full wp-image-1624\" title=\"imp\" src=\"https:\/\/www.sortingthoughts.de\/blog\/wp-content\/uploads\/2009\/11\/imp.gif\" alt=\"\" width=\"258\" height=\"151\" \/>\n<h2>Weitere Informationen<\/h2>\nIhr Vertrauen ist mir sehr wichtig. Daher m\u00f6chte ich Ihnen jederzeit Rede und Antwort bez\u00fcglich der Verarbeitung Ihrer personenbezogenen Daten stehen. Wenn Sie Fragen haben, die Ihnen diese Datenschutzerkl\u00e4rung nicht beantworten konnte oder wenn Sie zu einem Punkt vertiefte Informationen w\u00fcnschen, wenden Sie sich bitte jederzeit an den Datenschutzbeauftragten:\n<img class=\"alignnone size-full wp-image-1624\" title=\"imp\" src=\"https:\/\/www.sortingthoughts.de\/blog\/wp-content\/uploads\/2009\/11\/imp.gif\" alt=\"\" width=\"258\" height=\"151\" \/>","_et_gb_content_width":"","footnotes":""},"_links":{"self":[{"href":"https:\/\/www.sortingthoughts.de\/blog\/de\/wp-json\/wp\/v2\/pages\/52"}],"collection":[{"href":"https:\/\/www.sortingthoughts.de\/blog\/de\/wp-json\/wp\/v2\/pages"}],"about":[{"href":"https:\/\/www.sortingthoughts.de\/blog\/de\/wp-json\/wp\/v2\/types\/page"}],"author":[{"embeddable":true,"href":"https:\/\/www.sortingthoughts.de\/blog\/de\/wp-json\/wp\/v2\/users\/1"}],"replies":[{"embeddable":true,"href":"https:\/\/www.sortingthoughts.de\/blog\/de\/wp-json\/wp\/v2\/comments?post=52"}],"version-history":[{"count":6,"href":"https:\/\/www.sortingthoughts.de\/blog\/de\/wp-json\/wp\/v2\/pages\/52\/revisions"}],"predecessor-version":[{"id":3084,"href":"https:\/\/www.sortingthoughts.de\/blog\/de\/wp-json\/wp\/v2\/pages\/52\/revisions\/3084"}],"wp:attachment":[{"href":"https:\/\/www.sortingthoughts.de\/blog\/de\/wp-json\/wp\/v2\/media?parent=52"}],"curies":[{"name":"wp","href":"https:\/\/api.w.org\/{rel}","templated":true}]}}