{"id":71,"date":"2015-01-23T17:08:54","date_gmt":"2015-01-23T17:08:54","guid":{"rendered":"http:\/\/sortingthoughts.de\/v2\/de\/?page_id=71"},"modified":"2024-01-20T15:45:11","modified_gmt":"2024-01-20T15:45:11","slug":"about","status":"publish","type":"page","link":"https:\/\/www.sortingthoughts.de\/blog\/de\/about\/","title":{"rendered":"\u00dcber"},"content":{"rendered":"<p>[et_pb_section fb_built=&#8220;1&#8243; admin_label=&#8220;section&#8220; _builder_version=&#8220;4.16&#8243; global_colors_info=&#8220;{}&#8220;][et_pb_row column_structure=&#8220;2_3,1_3&#8243; admin_label=&#8220;row&#8220; _builder_version=&#8220;4.16&#8243; background_size=&#8220;initial&#8220; background_position=&#8220;top_left&#8220; background_repeat=&#8220;repeat&#8220; global_colors_info=&#8220;{}&#8220;][et_pb_column type=&#8220;2_3&#8243; _builder_version=&#8220;4.16&#8243; custom_padding=&#8220;|||&#8220; global_colors_info=&#8220;{}&#8220; custom_padding__hover=&#8220;|||&#8220;][et_pb_text admin_label=&#8220;Text&#8220; _builder_version=&#8220;4.16&#8243; background_size=&#8220;initial&#8220; background_position=&#8220;top_left&#8220; background_repeat=&#8220;repeat&#8220; global_colors_info=&#8220;{}&#8220;]<\/p>\n<h1>Dies ist die Geschichte von\u00a0Sorting Thoughts<\/h1>\n<p>Die Geschichte von Sorting Thoughts beginnt\u00a02008. Ich war auf der Suche nach einer praktischen und zugleich vertrauensw\u00fcrdigen Software f\u00fcr die Verwaltung all meiner\u00a0Notizen. Zu der Zeit hatte ich viele handgeschriebene Notizen f\u00fcr meine\u00a0Arbeit, Nebenprojekte und f\u00fcr die Planung einer Weltreise. Ich habe viele Programme ausprobiert, um meine Notizen besser zu organisieren, aber leider erf\u00fcllte keins all meine Anforderungen. Viele waren schlicht nicht vertrauensw\u00fcrdig oder einfach viel zu komplex in der Handhabung, um sie sinnvoll im Alltag einsetzten zu k\u00f6nnen. Als Software-Entwickler entschied ich mich schlie\u00dflich meine eigene Software zu entwickeln &#8211; Sorting Thoughts war geboren.<\/p>\n<p>Im Dezember 2010 wurde die erste Version von Sorting Thoughts f\u00fcr Microsoft Windows und Mac OS X ver\u00f6ffentlicht. Ebenfalls in diesem Jahr kam die erste mobile Version f\u00fcr webOS Smartphones heraus. \u00a0Kurz darauf folgt die Android Version und die Sync Funktion, die es mir erlaubte meine Gedanken mit der Desktop Version zu synchronisieren. In den n\u00e4chsten Jahren f\u00fcgte ich weitere Funktionen hinzu, wie z.B. Datenanh\u00e4nge oder\u00a0die Gantt Diagrammansicht f\u00fcr Projekte. Somit kann ich in der Tat behaupten, dass Sorting Thoughts eine\u00a0n\u00fctzlich Software f\u00fcr t\u00e4gliche Notizen im privaten sowie professionellen Bereich\u00a0ist und dabei Einfachheit und 100% Privatsph\u00e4re garantiert. Und es ist wirklich toll zu sehen, dass ich nicht der einzige Benutzer bin, sondern das Sorting Thoughts viele Benutzer auf der ganzen Welt hat.<\/p>\n<p>2011 hat HP mitgeteilt das webOS eingestellt wird. Das bedeutete leider auch das meine webOS App nun\u00a0keine Zukunft mehr hatte und all die investierte Entwicklungszeit in die App\u00a0wertlos\u00a0war. Ich entschied mich von nun an auf iOS zu konzentrieren, um neben der Desktop App\u00a0eine vollwertige mobile Version zur Verf\u00fcgung zu stellen. Ich war au\u00dferdem sehr unzufrieden mit der ersten Version der Sync Funktion, da sie nicht sehr benutzerfreundlich und limitiert\u00a0war. So begann ich 2012 mit der Entwicklung der iOS Version von Sorting Thoughts und dem neuem Sync Service. Dieses Mal wollte ich so viele Funktionen\u00a0wie m\u00f6glich von\u00a0der Desktop Version auf die iOS Version \u00fcbertragen und einen deutlich verbesserten Sync Service zur Verf\u00fcgung stellen. Ende 2014 war es dann endlich soweit und ich konnte die iOS Version f\u00fcr iPhone und iPad mit einem sicheren und vertrauensw\u00fcrdigen Sync Service ver\u00f6ffentlichen.<\/p>\n<p>Jetzt gibt es also endlich wieder eine einfache und vertrauensw\u00fcrdige\u00a0L\u00f6sung f\u00fcr meine t\u00e4glichen Notizen. Die Desktop Version f\u00fcr die Arbeit und zu Hause, die iOS Version f\u00fcr zwischendurch und auf Reisen. Ich vermisse jetzt nur noch die Anbindung des Sync Services an die Desktop Version, aber das wird sich bald mit Sorting Thoughts 2.0 \u00e4ndern \ud83d\ude09<br \/>\n[\/et_pb_text][\/et_pb_column][et_pb_column type=&#8220;1_3&#8243; _builder_version=&#8220;4.16&#8243; custom_padding=&#8220;|||&#8220; global_colors_info=&#8220;{}&#8220; custom_padding__hover=&#8220;|||&#8220;][et_pb_image src=&#8220;https:\/\/www.sortingthoughts.de\/blog\/wp-content\/uploads\/2015\/01\/ST-on-a-macbook.png&#8220; align_tablet=&#8220;center&#8220; align_phone=&#8220;&#8220; align_last_edited=&#8220;on|desktop&#8220; admin_label=&#8220;Image&#8220; _builder_version=&#8220;4.16&#8243; border_style=&#8220;solid&#8220; animation=&#8220;off&#8220; sticky=&#8220;off&#8220; always_center_on_mobile=&#8220;on&#8220; global_colors_info=&#8220;{}&#8220;][\/et_pb_image][et_pb_image src=&#8220;https:\/\/www.sortingthoughts.de\/blog\/wp-content\/uploads\/2015\/01\/ST-teaser1.png&#8220; align_tablet=&#8220;center&#8220; align_phone=&#8220;&#8220; align_last_edited=&#8220;on|desktop&#8220; admin_label=&#8220;Image&#8220; _builder_version=&#8220;4.16&#8243; border_style=&#8220;solid&#8220; animation=&#8220;off&#8220; sticky=&#8220;off&#8220; always_center_on_mobile=&#8220;on&#8220; global_colors_info=&#8220;{}&#8220;][\/et_pb_image][\/et_pb_column][\/et_pb_row][\/et_pb_section][et_pb_section fb_built=&#8220;1&#8243; admin_label=&#8220;section&#8220; _builder_version=&#8220;4.16&#8243; background_color=&#8220;#ffffff&#8220; transparent_background=&#8220;off&#8220; global_colors_info=&#8220;{}&#8220;][et_pb_row admin_label=&#8220;row&#8220; _builder_version=&#8220;4.16&#8243; background_size=&#8220;initial&#8220; background_position=&#8220;top_left&#8220; background_repeat=&#8220;repeat&#8220; global_colors_info=&#8220;{}&#8220;][et_pb_column type=&#8220;4_4&#8243; _builder_version=&#8220;4.16&#8243; custom_padding=&#8220;|||&#8220; global_colors_info=&#8220;{}&#8220; custom_padding__hover=&#8220;|||&#8220;][et_pb_text admin_label=&#8220;Text&#8220; _builder_version=&#8220;4.16&#8243; background_size=&#8220;initial&#8220; background_position=&#8220;top_left&#8220; background_repeat=&#8220;repeat&#8220; global_colors_info=&#8220;{}&#8220;]<\/p>\n<h1>Wer steckt hinter\u00a0Sorting Thoughts?<\/h1>\n<p>[\/et_pb_text][\/et_pb_column][\/et_pb_row][et_pb_row admin_label=&#8220;row&#8220; _builder_version=&#8220;4.16&#8243; background_size=&#8220;initial&#8220; background_position=&#8220;top_left&#8220; background_repeat=&#8220;repeat&#8220; global_colors_info=&#8220;{}&#8220;][et_pb_column type=&#8220;4_4&#8243; _builder_version=&#8220;4.16&#8243; custom_padding=&#8220;|||&#8220; global_colors_info=&#8220;{}&#8220; custom_padding__hover=&#8220;|||&#8220;][et_pb_team_member image_url=&#8220;https:\/\/www.sortingthoughts.de\/blog\/wp-content\/uploads\/2015\/01\/about.png&#8220; admin_label=&#8220;Person&#8220; _builder_version=&#8220;4.23&#8243; background_size=&#8220;initial&#8220; background_position=&#8220;top_left&#8220; background_repeat=&#8220;repeat&#8220; border_style=&#8220;solid&#8220; global_colors_info=&#8220;{}&#8220;]<\/p>\n<p>Hallo, mein Name ist Hendrik Ebel, ich bin Software-Entwickler und lebe in der N\u00e4he von Berlin. Ich lerne gerne neue Dinge und nat\u00fcrlich liebe ich es Notizen zu schreiben, auf Reisen, zu Hause, auf Arbeit und an allen Orten wo ich Sorting Thoughts benutzen kann. Sorting Thoughts ist mein Nebenprojekt und Spielwiese, um neue Dinge in Sachen Software-Entwicklung zu lernen und auszuprobieren. In meiner regul\u00e4ren Arbeitszeit arbeite ich als Feature-Team-Lead und Software-Entwickler f\u00fcr ein Medizintechnik Unternehmen. Ich habe \u00fcber 15 Jahre Erfahrung als Software-Entwickler insbesondere im medizinischen Bereich mit hohen Qualit\u00e4ts- und Sicherheitsstandards. Neben meiner Arbeit liebe ich das Reisen und Fotografieren. Einige meiner Fotos kann man auf <a href=\"http:\/\/instagram.com\/sortingthoughts\" target=\"_blank\" rel=\"noopener noreferrer\">Instagram<\/a> \/ <a href=\"https:\/\/pixelfed.de\/sortingthoughts\">pixelfed<\/a> und <a href=\"http:\/\/500px.com\/sortingthoughts\" target=\"_blank\" rel=\"noopener noreferrer\">500px.com<\/a>\u00a0sehen.<\/p>\n<p>\u00dcbrigens, ich bin die einzige Person die Sorting Thoughts entwickelt und betreut &#8211; es gibt hier also kein gro\u00dfes Team von Entwicklern, Kundenbetreuern und Marketingleuten zu sehen. Also habt bitte Verst\u00e4ndnis, dass das Handbuch nicht das dickste ist, meine Support-Antworten\u00a0nicht die schnellsten sind und neue Funktionen etwas mehr Zeit brauchen.<\/p>\n<p>Viel Spass mit\u00a0Sorting Thoughts!<\/p>\n<p><img loading=\"lazy\" decoding=\"async\" class=\"alignleft\" src=\"https:\/\/www.sortingthoughts.de\/blog\/wp-content\/uploads\/2014\/12\/sig.png\" alt=\"\" width=\"250\" height=\"128\" \/><\/p>\n<p>[\/et_pb_team_member][\/et_pb_column][\/et_pb_row][et_pb_row column_structure=&#8220;1_2,1_2&#8243; admin_label=&#8220;row&#8220; _builder_version=&#8220;4.16&#8243; background_size=&#8220;initial&#8220; background_position=&#8220;top_left&#8220; background_repeat=&#8220;repeat&#8220; global_colors_info=&#8220;{}&#8220;][et_pb_column type=&#8220;1_2&#8243; _builder_version=&#8220;4.16&#8243; custom_padding=&#8220;|||&#8220; global_colors_info=&#8220;{}&#8220; custom_padding__hover=&#8220;|||&#8220;][et_pb_text admin_label=&#8220;Text&#8220; _builder_version=&#8220;4.16&#8243; background_size=&#8220;initial&#8220; background_position=&#8220;top_left&#8220; background_repeat=&#8220;repeat&#8220; global_colors_info=&#8220;{}&#8220;][\/et_pb_text][\/et_pb_column][et_pb_column type=&#8220;1_2&#8243; _builder_version=&#8220;4.16&#8243; custom_padding=&#8220;|||&#8220; global_colors_info=&#8220;{}&#8220; custom_padding__hover=&#8220;|||&#8220;][et_pb_social_media_follow admin_label=&#8220;Social Media Follow&#8220; _builder_version=&#8220;4.24.0&#8243; hover_enabled=&#8220;0&#8243; border_radii=&#8220;on|100%|100%|100%|100%&#8220; link_shape=&#8220;circle&#8220; global_colors_info=&#8220;{}&#8220; sticky_enabled=&#8220;0&#8243;][et_pb_social_media_follow_network social_network=&#8220;facebook&#8220; url=&#8220;https:\/\/www.facebook.com\/sorting.thoughts&#8220; _builder_version=&#8220;4.16&#8243; background_color=&#8220;#3b5998&#8243; bg_color=&#8220;#3b5998&#8243; global_colors_info=&#8220;{}&#8220; follow_button=&#8220;off&#8220; url_new_window=&#8220;on&#8220;]facebook[\/et_pb_social_media_follow_network][et_pb_social_media_follow_network social_network=&#8220;linkedin&#8220; url=&#8220;http:\/\/www.linkedin.com\/in\/hendrikebel&#8220; _builder_version=&#8220;4.16&#8243; background_color=&#8220;#007bb6&#8243; bg_color=&#8220;#007bb6&#8243; global_colors_info=&#8220;{}&#8220; follow_button=&#8220;off&#8220; url_new_window=&#8220;on&#8220;]LinkedIn[\/et_pb_social_media_follow_network][et_pb_social_media_follow_network social_network=&#8220;pinterest&#8220; url=&#8220;https:\/\/www.pinterest.com\/sortedthoughts\/&#8220; _builder_version=&#8220;4.16&#8243; background_color=&#8220;#cb2027&#8243; bg_color=&#8220;#cb2027&#8243; global_colors_info=&#8220;{}&#8220; follow_button=&#8220;off&#8220; url_new_window=&#8220;on&#8220;]Pinterest[\/et_pb_social_media_follow_network][et_pb_social_media_follow_network social_network=&#8220;youtube&#8220; url=&#8220;https:\/\/www.youtube.com\/user\/SortingThoughts&#8220; _builder_version=&#8220;4.16&#8243; background_color=&#8220;#a82400&#8243; bg_color=&#8220;#a82400&#8243; global_colors_info=&#8220;{}&#8220; follow_button=&#8220;off&#8220; url_new_window=&#8220;on&#8220;]Youtube[\/et_pb_social_media_follow_network][et_pb_social_media_follow_network social_network=&#8220;instagram&#8220; url=&#8220;http:\/\/instagram.com\/sortingthoughts&#8220; _builder_version=&#8220;4.16&#8243; background_color=&#8220;#517fa4&#8243; bg_color=&#8220;#517fa4&#8243; global_colors_info=&#8220;{}&#8220; follow_button=&#8220;off&#8220; url_new_window=&#8220;on&#8220;]Instagram[\/et_pb_social_media_follow_network][et_pb_social_media_follow_network social_network=&#8220;tumblr&#8220; url=&#8220;http:\/\/sortingthoughts.tumblr.com&#8220; _builder_version=&#8220;4.16&#8243; background_color=&#8220;#32506d&#8220; bg_color=&#8220;#32506d&#8220; global_colors_info=&#8220;{}&#8220; follow_button=&#8220;off&#8220; url_new_window=&#8220;on&#8220;]tumblr[\/et_pb_social_media_follow_network][et_pb_social_media_follow_network social_network=&#8220;github&#8220; background_color=&#8220;#333333&#8243; _builder_version=&#8220;4.24.0&#8243; _module_preset=&#8220;default&#8220; follow_button=&#8220;off&#8220; url_new_window=&#8220;on&#8220; url=&#8220;https:\/\/github.com\/sortingthoughts&#8220; hover_enabled=&#8220;0&#8243; sticky_enabled=&#8220;0&#8243;]github[\/et_pb_social_media_follow_network][et_pb_social_media_follow_network social_network=&#8220;instagram&#8220; background_color=&#8220;#E02B20&#8243; _builder_version=&#8220;4.24.0&#8243; _module_preset=&#8220;default&#8220; follow_button=&#8220;off&#8220; url_new_window=&#8220;on&#8220; url=&#8220;https:\/\/pixelfed.de\/sortingthoughts&#8220; background_enable_color=&#8220;on&#8220; hover_enabled=&#8220;0&#8243; sticky_enabled=&#8220;0&#8243;]instagram[\/et_pb_social_media_follow_network][\/et_pb_social_media_follow][\/et_pb_column][\/et_pb_row][\/et_pb_section]<\/p>\n","protected":false},"excerpt":{"rendered":"<p>Dies ist die Geschichte von\u00a0Sorting Thoughts Die Geschichte von Sorting Thoughts beginnt\u00a02008. Ich war auf der Suche nach einer praktischen und zugleich vertrauensw\u00fcrdigen Software f\u00fcr die Verwaltung all meiner\u00a0Notizen. Zu der Zeit hatte ich viele handgeschriebene Notizen f\u00fcr meine\u00a0Arbeit, Nebenprojekte und f\u00fcr die Planung einer Weltreise. Ich habe viele Programme ausprobiert, um meine Notizen besser [&hellip;]<\/p>\n","protected":false},"author":1,"featured_media":0,"parent":0,"menu_order":80,"comment_status":"closed","ping_status":"open","template":"","meta":{"_et_pb_use_builder":"on","_et_pb_old_content":"","_et_gb_content_width":"","footnotes":""},"_links":{"self":[{"href":"https:\/\/www.sortingthoughts.de\/blog\/de\/wp-json\/wp\/v2\/pages\/71"}],"collection":[{"href":"https:\/\/www.sortingthoughts.de\/blog\/de\/wp-json\/wp\/v2\/pages"}],"about":[{"href":"https:\/\/www.sortingthoughts.de\/blog\/de\/wp-json\/wp\/v2\/types\/page"}],"author":[{"embeddable":true,"href":"https:\/\/www.sortingthoughts.de\/blog\/de\/wp-json\/wp\/v2\/users\/1"}],"replies":[{"embeddable":true,"href":"https:\/\/www.sortingthoughts.de\/blog\/de\/wp-json\/wp\/v2\/comments?post=71"}],"version-history":[{"count":12,"href":"https:\/\/www.sortingthoughts.de\/blog\/de\/wp-json\/wp\/v2\/pages\/71\/revisions"}],"predecessor-version":[{"id":3129,"href":"https:\/\/www.sortingthoughts.de\/blog\/de\/wp-json\/wp\/v2\/pages\/71\/revisions\/3129"}],"wp:attachment":[{"href":"https:\/\/www.sortingthoughts.de\/blog\/de\/wp-json\/wp\/v2\/media?parent=71"}],"curies":[{"name":"wp","href":"https:\/\/api.w.org\/{rel}","templated":true}]}}